{"id":85,"date":"2018-04-06T08:22:18","date_gmt":"2018-04-06T08:22:18","guid":{"rendered":"http:\/\/www.bioithas.es\/?page_id=85"},"modified":"2019-01-09T17:04:35","modified_gmt":"2019-01-09T16:04:35","slug":"politica-de-privacidad","status":"publish","type":"page","link":"https:\/\/bionou.es\/es\/politica-de-privacidad\/","title":{"rendered":"Pol\u00edtica de Privacidad"},"content":{"rendered":"<p>[et_pb_section bb_built=\u00bb1&#8243;][et_pb_row][et_pb_column type=\u00bb4_4&#8243;][et_pb_text _builder_version=\u00bb3.0.106&#8243; background_layout=\u00bblight\u00bb]<\/p>\n<article id=\"copytext\">\n<header>\n<article id=\"copytext\">\n<header>\n<h1 style=\"text-align: left;\">Pol\u00edtica de privacidad de datos<\/h1>\n<\/header>\n<p>&nbsp;<\/p>\n<div class=\"\">\n<div class=\"\">\n<h3>Identidad y direcci\u00f3n del responsable del fichero donde se encuentran sus datos<\/h3>\n<p class=\"ng-binding\">En virtud de la Ley Org\u00e1nica 15\/1999, de 13 de diciembre, Protecci\u00f3n de Datos de Car\u00e1cter Personal, BIONOU S.L. con domicilio social en C\/Maestro Joaqu\u00edn Zapater,6 03430 ONIL (Alicante) (de ahora en adelante el Responsable del Fichero), le informa que al introducir sus datos a trav\u00e9s de los formularios electr\u00f3nicos de nuestra web nos suministrar\u00e1 determinados datos de car\u00e1cter personal que se tratar\u00e1n de forma automatizada e incorporar\u00e1n a los correspondientes ficheros de los que BIONOU S.L. es titular y Responsable.<\/p>\n<h3>Finalidad del tratamiento de sus datos<\/h3>\n<p class=\"ng-binding\">La recogida y tratamiento automatizado de sus datos personales tiene como finalidad hacerle participar en los concursos y promociones que ofrecemos a trav\u00e9s de nuestra web www.bionou.es as\u00ed como recibir nuestro Newsletter si as\u00ed lo desea. Por la presente, usted consiente el tratamiento de sus datos con el fin de ser utilizados para el env\u00edo de promociones publicitarias y prospecci\u00f3n comercial a trav\u00e9s de cualquier medio, incluyendo por v\u00eda electr\u00f3nica, por la empresa BIONOU S.L. y otras relacionadas con los sectores de las telecomunicaciones, financiero, ocio, formaci\u00f3n, gran consumo, automoci\u00f3n y energ\u00eda.<\/p>\n<h3>Derechos de acceso, rectificaci\u00f3n y cancelaci\u00f3n<\/h3>\n<p class=\"ng-binding\">En todo momento podr\u00e1 ejercitar su derecho de acceso, rectificaci\u00f3n, cancelaci\u00f3n y oposici\u00f3n enviando su solicitud escrita y firmada dirigida al Departamento Legal de BIONOU S.L. acompa\u00f1ando fotocopia de su DNI a la direcci\u00f3n postal arriba indicada o bien a la siguiente direcci\u00f3n de correo electr\u00f3nico\u00a0<span id=\"\"><a class=\"ng-binding\" href=\"mailto:info@bionou.es\">info@bionou.es<\/a>\u00a0<\/span>. Asimismo, en cualquier momento podr\u00e1 revocar el consentimiento arriba prestado para la cesi\u00f3n de sus datos personales y la recepci\u00f3n de comunicaciones comerciales enviando una comunicaci\u00f3n en este sentido a la direcci\u00f3n de correo electr\u00f3nico indicando la palabra \u201cBaja\u201d en el asunto a la direcci\u00f3n de correo electr\u00f3nico arriba referenciada.<\/p>\n<h3>Cesi\u00f3n<\/h3>\n<p class=\"ng-binding\">Si usted es premiado en alguno de nuestros concursos o promociones, autoriza la publicaci\u00f3n de sus datos personales en nuestra Web y en los perfiles sociales de BIONOU S.L. de Facebook, Youtube, Twitter, Instagram, Google y Pinterest a efectos de anunciar quien ha sido la persona ganadora. Asimismo, usted consiente la comunicaci\u00f3n de sus datos a proveedores externos de BIONOU S.L. relacionados con los sectores de las telecomunicaciones, financiero, ocio, formaci\u00f3n, gran consumo, automoci\u00f3n y energ\u00eda, a fin de ser utilizados para el env\u00edo de promociones publicitarias y prospecci\u00f3n comercial.<\/p>\n<\/div>\n<\/div>\n<\/article>\n<\/header>\n<\/article>\n<p>[\/et_pb_text][\/et_pb_column][\/et_pb_row][\/et_pb_section]<\/p>\n","protected":false},"excerpt":{"rendered":"<p>[et_pb_section bb_built=\u00bb1&#8243;][et_pb_row][et_pb_column type=\u00bb4_4&#8243;][et_pb_text _builder_version=\u00bb3.0.106&#8243; background_layout=\u00bblight\u00bb] Pol\u00edtica de privacidad de datos &nbsp; Identidad y direcci\u00f3n del responsable del fichero donde se encuentran sus datos En virtud de la Ley Org\u00e1nica 15\/1999, de 13 de diciembre, Protecci\u00f3n de Datos de Car\u00e1cter Personal, BIONOU S.L. con domicilio social en C\/Maestro Joaqu\u00edn Zapater,6 03430 ONIL (Alicante) (de ahora en [&hellip;]<\/p>\n","protected":false},"author":1,"featured_media":0,"parent":0,"menu_order":0,"comment_status":"closed","ping_status":"closed","template":"","meta":[],"_links":{"self":[{"href":"https:\/\/bionou.es\/es\/wp-json\/wp\/v2\/pages\/85"}],"collection":[{"href":"https:\/\/bionou.es\/es\/wp-json\/wp\/v2\/pages"}],"about":[{"href":"https:\/\/bionou.es\/es\/wp-json\/wp\/v2\/types\/page"}],"author":[{"embeddable":true,"href":"https:\/\/bionou.es\/es\/wp-json\/wp\/v2\/users\/1"}],"replies":[{"embeddable":true,"href":"https:\/\/bionou.es\/es\/wp-json\/wp\/v2\/comments?post=85"}],"version-history":[{"count":5,"href":"https:\/\/bionou.es\/es\/wp-json\/wp\/v2\/pages\/85\/revisions"}],"predecessor-version":[{"id":626,"href":"https:\/\/bionou.es\/es\/wp-json\/wp\/v2\/pages\/85\/revisions\/626"}],"wp:attachment":[{"href":"https:\/\/bionou.es\/es\/wp-json\/wp\/v2\/media?parent=85"}],"curies":[{"name":"wp","href":"https:\/\/api.w.org\/{rel}","templated":true}]}}